{"id":1438,"date":"2020-11-12T14:48:34","date_gmt":"2020-11-12T14:48:34","guid":{"rendered":"https:\/\/startertemplatecloud.com\/g01\/?page_id=1438"},"modified":"2024-08-28T19:14:57","modified_gmt":"2024-08-28T17:14:57","slug":"about","status":"publish","type":"page","link":"https:\/\/izabelatomaszkomakeup.pl\/?page_id=1438","title":{"rendered":"Poznaj mnie"},"content":{"rendered":"<style>.kb-row-layout-id1438_8723d7-b8 > .kt-row-column-wrap{align-content:start;}:where(.kb-row-layout-id1438_8723d7-b8 > .kt-row-column-wrap) > .wp-block-kadence-column{justify-content:start;}.kb-row-layout-id1438_8723d7-b8 > .kt-row-column-wrap{column-gap:var(--global-kb-gap-md, 2rem);row-gap:var(--global-kb-gap-md, 2rem);max-width:var( --global-content-width, 1290px );padding-left:var(--global-content-edge-padding);padding-right:var(--global-content-edge-padding);padding-top:var(--global-kb-spacing-5xl, 10rem);padding-bottom:var(--global-kb-spacing-sm, 1.5rem);grid-template-columns:minmax(0, 1fr);}.kb-row-layout-id1438_8723d7-b8{background-image:url('https:\/\/izabelatomaszkomakeup.pl\/wp-content\/uploads\/2024\/07\/marmur.jpg');background-size:cover;background-position:center center;background-attachment:fixed;background-repeat:no-repeat;}.kb-row-layout-id1438_8723d7-b8 > .kt-row-layout-overlay{opacity:0.55;background-color:#242d2d;}@media all and (max-width: 1024px), only screen and (min-device-width: 1024px) and (max-device-width: 1366px) and (-webkit-min-device-pixel-ratio: 2) and (orientation: landscape) and (hover: none){.kb-row-layout-id1438_8723d7-b8{background-attachment:scroll;}}@media all and (max-width: 1024px){.kb-row-layout-id1438_8723d7-b8 > .kt-row-column-wrap{grid-template-columns:minmax(0, 1fr);}}@media all and (max-width: 767px){.kb-row-layout-id1438_8723d7-b8 > .kt-row-column-wrap{grid-template-columns:minmax(0, 1fr);}}<\/style><div style=\"background-image: url(https:\/\/izabelatomaszkomakeup.pl\/wp-content\/uploads\/2024\/07\/marmur.jpg);\" class=\"kb-row-layout-wrap kb-row-layout-id1438_8723d7-b8 alignnone kt-row-has-bg wp-block-kadence-rowlayout\"><div class=\"kt-row-layout-overlay kt-row-overlay-normal\"><\/div><div class=\"kt-row-column-wrap kt-has-1-columns kt-row-layout-equal kt-tab-layout-inherit kt-mobile-layout-row kt-row-valign-top kb-theme-content-width\">\n<style>.kadence-column1438_754c6c-9d > .kt-inside-inner-col,.kadence-column1438_754c6c-9d > .kt-inside-inner-col:before{border-top-left-radius:0px;border-top-right-radius:0px;border-bottom-right-radius:0px;border-bottom-left-radius:0px;}.kadence-column1438_754c6c-9d > .kt-inside-inner-col{column-gap:var(--global-kb-gap-sm, 1rem);}.kadence-column1438_754c6c-9d > .kt-inside-inner-col{flex-direction:column;}.kadence-column1438_754c6c-9d > .kt-inside-inner-col > .aligncenter{width:100%;}.kadence-column1438_754c6c-9d > .kt-inside-inner-col:before{opacity:0.3;}.kadence-column1438_754c6c-9d{position:relative;}@media all and (max-width: 1024px){.kadence-column1438_754c6c-9d > .kt-inside-inner-col{flex-direction:column;}}@media all and (max-width: 767px){.kadence-column1438_754c6c-9d > .kt-inside-inner-col{flex-direction:column;}}<\/style>\n<div class=\"wp-block-kadence-column kadence-column1438_754c6c-9d inner-column-1\"><div class=\"kt-inside-inner-col\"><style>.wp-block-kadence-advancedheading.kt-adv-heading1438_ee925c-22, .wp-block-kadence-advancedheading.kt-adv-heading1438_ee925c-22[data-kb-block=\"kb-adv-heading1438_ee925c-22\"]{font-size:65px;font-style:normal;color:#cdbea1;}.wp-block-kadence-advancedheading.kt-adv-heading1438_ee925c-22 mark, .wp-block-kadence-advancedheading.kt-adv-heading1438_ee925c-22[data-kb-block=\"kb-adv-heading1438_ee925c-22\"] mark{font-style:normal;color:#f76a0c;padding-top:0px;padding-right:0px;padding-bottom:0px;padding-left:0px;}@media all and (max-width: 1024px){.wp-block-kadence-advancedheading.kt-adv-heading1438_ee925c-22, .wp-block-kadence-advancedheading.kt-adv-heading1438_ee925c-22[data-kb-block=\"kb-adv-heading1438_ee925c-22\"]{font-size:45px;}}@media all and (max-width: 767px){.wp-block-kadence-advancedheading.kt-adv-heading1438_ee925c-22, .wp-block-kadence-advancedheading.kt-adv-heading1438_ee925c-22[data-kb-block=\"kb-adv-heading1438_ee925c-22\"]{font-size:35px;}}<\/style>\n<h1 class=\"kt-adv-heading1438_ee925c-22 wp-block-kadence-advancedheading\" data-kb-block=\"kb-adv-heading1438_ee925c-22\">Poznaj mnie<\/h1>\n<\/div><\/div>\n\n<\/div><\/div>\n\n<style>.kb-row-layout-id1438_a25ca3-43 > .kt-row-column-wrap{align-content:center;}:where(.kb-row-layout-id1438_a25ca3-43 > .kt-row-column-wrap) > .wp-block-kadence-column{justify-content:center;}.kb-row-layout-id1438_a25ca3-43 > .kt-row-column-wrap{column-gap:var(--global-kb-gap-lg, 4rem);row-gap:var(--global-kb-gap-md, 2rem);max-width:var( --global-content-width, 1290px );padding-left:var(--global-content-edge-padding);padding-right:var(--global-content-edge-padding);padding-top:90px;padding-bottom:30px;grid-template-columns:minmax(0, calc(50% - ((var(--global-kb-gap-lg, 4rem) * 1 )\/2)))minmax(0, calc(50% - ((var(--global-kb-gap-lg, 4rem) * 1 )\/2)));}.kb-row-layout-id1438_a25ca3-43{background-color:rgba(0,0,0,0);}.kb-row-layout-id1438_a25ca3-43 > .kt-row-layout-overlay{opacity:0.30;}@media all and (max-width: 1024px){.kb-row-layout-id1438_a25ca3-43 > .kt-row-column-wrap{grid-template-columns:repeat(2, minmax(0, 1fr));}}@media all and (max-width: 767px){.kb-row-layout-id1438_a25ca3-43 > .kt-row-column-wrap{grid-template-columns:minmax(0, 1fr);}}<\/style><div class=\"kb-row-layout-wrap kb-row-layout-id1438_a25ca3-43 alignnone kt-row-has-bg wp-block-kadence-rowlayout\"><div class=\"kt-row-column-wrap kt-has-2-columns kt-row-layout-equal kt-tab-layout-inherit kt-mobile-layout-row kt-row-valign-middle kb-theme-content-width\">\n<style>.kadence-column1438_3efe9e-52 > .kt-inside-inner-col,.kadence-column1438_3efe9e-52 > .kt-inside-inner-col:before{border-top-left-radius:0px;border-top-right-radius:0px;border-bottom-right-radius:0px;border-bottom-left-radius:0px;}.kadence-column1438_3efe9e-52 > .kt-inside-inner-col{column-gap:var(--global-kb-gap-sm, 1rem);}.kadence-column1438_3efe9e-52 > .kt-inside-inner-col{flex-direction:column;}.kadence-column1438_3efe9e-52 > .kt-inside-inner-col > .aligncenter{width:100%;}.kadence-column1438_3efe9e-52 > .kt-inside-inner-col:before{opacity:0.3;}.kadence-column1438_3efe9e-52{position:relative;}@media all and (max-width: 1024px){.kadence-column1438_3efe9e-52 > .kt-inside-inner-col{flex-direction:column;}}@media all and (max-width: 767px){.kadence-column1438_3efe9e-52 > .kt-inside-inner-col{flex-direction:column;}}<\/style>\n<div class=\"wp-block-kadence-column kadence-column1438_3efe9e-52 inner-column-1\"><div class=\"kt-inside-inner-col\"><style>.wp-block-kadence-advancedheading.kt-adv-heading1438_c15a73-f9, .wp-block-kadence-advancedheading.kt-adv-heading1438_c15a73-f9[data-kb-block=\"kb-adv-heading1438_c15a73-f9\"]{text-align:center;font-size:var(--global-kb-font-size-lg, 2rem);font-weight:200;font-style:normal;}.wp-block-kadence-advancedheading.kt-adv-heading1438_c15a73-f9 mark, .wp-block-kadence-advancedheading.kt-adv-heading1438_c15a73-f9[data-kb-block=\"kb-adv-heading1438_c15a73-f9\"] mark{font-style:normal;color:#f76a0c;padding-top:0px;padding-right:0px;padding-bottom:0px;padding-left:0px;}@media all and (max-width: 1024px){.wp-block-kadence-advancedheading.kt-adv-heading1438_c15a73-f9, .wp-block-kadence-advancedheading.kt-adv-heading1438_c15a73-f9[data-kb-block=\"kb-adv-heading1438_c15a73-f9\"]{font-size:50px;}}<\/style>\n<h4 class=\"kt-adv-heading1438_c15a73-f9 wp-block-kadence-advancedheading\" data-kb-block=\"kb-adv-heading1438_c15a73-f9\"><strong>Izabela Tomaszko &#8211; Wiza\u017cystka i Nauczycielka Wiza\u017cu<\/strong><\/h4>\n\n\n\n<p class=\"has-background\" style=\"background-color:#ffffff00\">Cze\u015b\u0107! Nazywam si\u0119 Izabela Tomaszko i jestem profesjonaln\u0105 wiza\u017cystk\u0105 oraz nauczycielk\u0105 wiza\u017cu w jednej ze szk\u00f3\u0142 na \u015al\u0105sku. Moja praca to moja pasja, kt\u00f3r\u0105 rozwijam, podkre\u015blaj\u0105c naturalne pi\u0119kno moich klientek. Tworz\u0119 makija\u017ce na r\u00f3\u017cne okazje, od codziennych stylizacji po wyj\u0105tkowe wydarzenia, zawsze dbaj\u0105c o to, aby ka\u017cda kobieta czu\u0142a si\u0119 pewnie i wyj\u0105tkowo.<\/p>\n\n\n\n<p>Jako nauczycielka wiza\u017cu dziel\u0119 si\u0119 swoj\u0105 wiedz\u0105 i do\u015bwiadczeniem z przysz\u0142ymi wiza\u017cystkami, inspiruj\u0105c je do odkrywania pi\u0119kna i kreatywno\u015bci w makija\u017cu. Wierz\u0119, \u017ce wiza\u017c to nie tylko sztuka, ale tak\u017ce spos\u00f3b na wyra\u017cenie siebie i podkre\u015blenie indywidualno\u015bci ka\u017cdej osoby.<\/p>\n\n\n\n<p class=\"has-theme-palette-3-color has-text-color has-link-color wp-elements-0c47542e46988294e7e4b9620b5713c7\">Zapraszam Ci\u0119 do zapoznania si\u0119 z moj\u0105 prac\u0105 na Instagramie: <a href=\"https:\/\/instagram.com\/izabelatomaszko_makeup\/?hl=pl\" target=\"_blank\" rel=\"noreferrer noopener\">Izabela Tomaszko MakeUp<\/a>. Mo\u017cesz r\u00f3wnie\u017c um\u00f3wi\u0107 si\u0119 na wizyt\u0119 i zapozna\u0107 si\u0119 z moj\u0105 ofert\u0105 na <a href=\"https:\/\/booksy.com\/pl-pl\/155306_izabela-tomaszko-make-up_makijaz_12737_rudzica#ba_s=seo\" target=\"_blank\" rel=\"noreferrer noopener\">Booksy<\/a>.<\/p>\n\n\n\n<p>Razem stw\u00f3rzymy makija\u017c, kt\u00f3ry b\u0119dzie idealnie odpowiada\u0142 Twoim potrzebom i podkre\u015bli Twoj\u0105 wyj\u0105tkowo\u015b\u0107!<\/p>\n<\/div><\/div>\n\n\n<style>.kadence-column1438_f46c4a-00 > .kt-inside-inner-col,.kadence-column1438_f46c4a-00 > .kt-inside-inner-col:before{border-top-left-radius:0px;border-top-right-radius:0px;border-bottom-right-radius:0px;border-bottom-left-radius:0px;}.kadence-column1438_f46c4a-00 > .kt-inside-inner-col{column-gap:var(--global-kb-gap-sm, 1rem);}.kadence-column1438_f46c4a-00 > .kt-inside-inner-col{flex-direction:column;}.kadence-column1438_f46c4a-00 > .kt-inside-inner-col > .aligncenter{width:100%;}.kadence-column1438_f46c4a-00 > .kt-inside-inner-col{background-color:rgba(0, 0, 0, 0);}.kadence-column1438_f46c4a-00 > .kt-inside-inner-col:before{opacity:0.3;}.kadence-column1438_f46c4a-00{position:relative;}@media all and (max-width: 1024px){.kadence-column1438_f46c4a-00 > .kt-inside-inner-col{flex-direction:column;}}@media all and (max-width: 767px){.kadence-column1438_f46c4a-00 > .kt-inside-inner-col{flex-direction:column;}}<\/style>\n<div class=\"wp-block-kadence-column kadence-column1438_f46c4a-00 inner-column-2\"><div class=\"kt-inside-inner-col\">\n<figure class=\"wp-block-image size-large\"><img loading=\"lazy\" decoding=\"async\" width=\"768\" height=\"1024\" src=\"https:\/\/izabelatomaszkomakeup.pl\/wp-content\/uploads\/2024\/07\/e32e3e77-33f5-4f99-922f-e6064bab2e51-768x1024.jpeg\" alt=\"\" class=\"wp-image-1805\" srcset=\"https:\/\/izabelatomaszkomakeup.pl\/wp-content\/uploads\/2024\/07\/e32e3e77-33f5-4f99-922f-e6064bab2e51-768x1024.jpeg 768w, https:\/\/izabelatomaszkomakeup.pl\/wp-content\/uploads\/2024\/07\/e32e3e77-33f5-4f99-922f-e6064bab2e51-225x300.jpeg 225w, https:\/\/izabelatomaszkomakeup.pl\/wp-content\/uploads\/2024\/07\/e32e3e77-33f5-4f99-922f-e6064bab2e51-1152x1536.jpeg 1152w, https:\/\/izabelatomaszkomakeup.pl\/wp-content\/uploads\/2024\/07\/e32e3e77-33f5-4f99-922f-e6064bab2e51.jpeg 1536w\" sizes=\"auto, (max-width: 768px) 100vw, 768px\" \/><\/figure>\n<\/div><\/div>\n\n<\/div><\/div>","protected":false},"excerpt":{"rendered":"<p>Poznaj mnie Izabela Tomaszko &#8211; Wiza\u017cystka i Nauczycielka Wiza\u017cu Cze\u015b\u0107! Nazywam si\u0119 Izabela Tomaszko i jestem profesjonaln\u0105 wiza\u017cystk\u0105 oraz nauczycielk\u0105 wiza\u017cu w jednej ze szk\u00f3\u0142 na \u015al\u0105sku. Moja praca to moja pasja, kt\u00f3r\u0105 rozwijam, podkre\u015blaj\u0105c naturalne pi\u0119kno moich klientek. Tworz\u0119 makija\u017ce na r\u00f3\u017cne okazje, od codziennych stylizacji po wyj\u0105tkowe wydarzenia, zawsze dbaj\u0105c o to, aby&#8230;<\/p>\n","protected":false},"author":1,"featured_media":1576,"parent":1566,"menu_order":1,"comment_status":"closed","ping_status":"closed","template":"","meta":{"_kadence_starter_templates_imported_post":true,"_kad_post_transparent":"enable","_kad_post_title":"hide","_kad_post_layout":"fullwidth","_kad_post_sidebar_id":"","_kad_post_content_style":"unboxed","_kad_post_vertical_padding":"hide","_kad_post_feature":"","_kad_post_feature_position":"","_kad_post_header":false,"_kad_post_footer":false,"footnotes":""},"class_list":["post-1438","page","type-page","status-publish","has-post-thumbnail","hentry"],"_links":{"self":[{"href":"https:\/\/izabelatomaszkomakeup.pl\/index.php?rest_route=\/wp\/v2\/pages\/1438","targetHints":{"allow":["GET"]}}],"collection":[{"href":"https:\/\/izabelatomaszkomakeup.pl\/index.php?rest_route=\/wp\/v2\/pages"}],"about":[{"href":"https:\/\/izabelatomaszkomakeup.pl\/index.php?rest_route=\/wp\/v2\/types\/page"}],"author":[{"embeddable":true,"href":"https:\/\/izabelatomaszkomakeup.pl\/index.php?rest_route=\/wp\/v2\/users\/1"}],"replies":[{"embeddable":true,"href":"https:\/\/izabelatomaszkomakeup.pl\/index.php?rest_route=%2Fwp%2Fv2%2Fcomments&post=1438"}],"version-history":[{"count":16,"href":"https:\/\/izabelatomaszkomakeup.pl\/index.php?rest_route=\/wp\/v2\/pages\/1438\/revisions"}],"predecessor-version":[{"id":1941,"href":"https:\/\/izabelatomaszkomakeup.pl\/index.php?rest_route=\/wp\/v2\/pages\/1438\/revisions\/1941"}],"up":[{"embeddable":true,"href":"https:\/\/izabelatomaszkomakeup.pl\/index.php?rest_route=\/wp\/v2\/pages\/1566"}],"wp:featuredmedia":[{"embeddable":true,"href":"https:\/\/izabelatomaszkomakeup.pl\/index.php?rest_route=\/wp\/v2\/media\/1576"}],"wp:attachment":[{"href":"https:\/\/izabelatomaszkomakeup.pl\/index.php?rest_route=%2Fwp%2Fv2%2Fmedia&parent=1438"}],"curies":[{"name":"wp","href":"https:\/\/api.w.org\/{rel}","templated":true}]}}